{"id":2,"date":"2024-09-11T07:39:51","date_gmt":"2024-09-11T05:39:51","guid":{"rendered":"https:\/\/www.leticia.sk\/?page_id=2"},"modified":"2024-09-11T12:43:18","modified_gmt":"2024-09-11T10:43:18","slug":"ukazkova-stranka","status":"publish","type":"page","link":"https:\/\/www.leticia.sk\/index.php\/ukazkova-stranka\/","title":{"rendered":"Nem\u010dina pre v\u0161etk\u00fdch!"},"content":{"rendered":"\n<p>O n\u00e1s<\/p>\n\n\n\n<blockquote class=\"wp-block-quote is-layout-flow wp-block-quote-is-layout-flow\">\n<p>V\u00edtam V\u00e1s! Cez de\u0148 pracujem ako lektorka nemeck\u00e9ho jazyka, po nociach preklad\u00e1m v\u0161etky druhy textov a toto je moja webstr\u00e1nka. N\u00e1jdete ma v Banskej Bystrici a Bratislave a ak m\u00e1te ak\u00fako\u013evek po\u017eiadavku oh\u013eadom nem\u010diny, ste pr\u00e1ve na tej spr\u00e1vnej str\u00e1nke.<\/p>\n<\/blockquote>\n\n\n\n<p>&#8230;alebo nie\u010do tak\u00e9to:<\/p>\n\n\n\n<blockquote class=\"wp-block-quote is-layout-flow wp-block-quote-is-layout-flow\">\n<p>Spolo\u010dnos\u0165 XYZ Doohickey bola zalo\u017een\u00e1 v roku 1971 a odvtedy poskytuje verejnosti kvalitn\u00e9 slu\u017eby. Nach\u00e1dza sa v meste Gotham City, XYZ zamestn\u00e1va viac ako 2 000 \u013eud\u00ed a rob\u00ed v\u0161etky druhy \u00fa\u017easn\u00fdch vec\u00ed pre komunitu Gotham.<\/p>\n<\/blockquote>\n\n\n\n<p>Ako nov\u00fd pou\u017e\u00edvate\u013e WordPress m\u00f4\u017eete prejs\u0165 na  <a href=\"https:\/\/www.leticia.sk\/wp-admin\/\">va\u0161u n\u00e1stenku<\/a>, zmaza\u0165 t\u00fato str\u00e1nku a vytvori\u0165 nov\u00e9 str\u00e1nky pre v\u00e1\u0161 obsah. Bavte sa!<\/p>\n","protected":false},"excerpt":{"rendered":"<p>O n\u00e1s V\u00edtam V\u00e1s! Cez de\u0148 pracujem ako lektorka nemeck\u00e9ho jazyka, po nociach preklad\u00e1m v\u0161etky druhy textov a toto je moja webstr\u00e1nka. N\u00e1jdete ma v Banskej Bystrici a Bratislave a ak m\u00e1te ak\u00fako\u013evek po\u017eiadavku oh\u013eadom nem\u010diny, ste pr\u00e1ve na tej spr\u00e1vnej str\u00e1nke. &#8230;alebo nie\u010do tak\u00e9to: Spolo\u010dnos\u0165 XYZ Doohickey bola zalo\u017een\u00e1 v roku 1971 a odvtedy [&hellip;]<\/p>\n","protected":false},"author":1,"featured_media":7,"parent":0,"menu_order":0,"comment_status":"closed","ping_status":"open","template":"","meta":{"footnotes":""},"class_list":["post-2","page","type-page","status-publish","has-post-thumbnail","hentry"],"_links":{"self":[{"href":"https:\/\/www.leticia.sk\/index.php\/wp-json\/wp\/v2\/pages\/2","targetHints":{"allow":["GET"]}}],"collection":[{"href":"https:\/\/www.leticia.sk\/index.php\/wp-json\/wp\/v2\/pages"}],"about":[{"href":"https:\/\/www.leticia.sk\/index.php\/wp-json\/wp\/v2\/types\/page"}],"author":[{"embeddable":true,"href":"https:\/\/www.leticia.sk\/index.php\/wp-json\/wp\/v2\/users\/1"}],"replies":[{"embeddable":true,"href":"https:\/\/www.leticia.sk\/index.php\/wp-json\/wp\/v2\/comments?post=2"}],"version-history":[{"count":3,"href":"https:\/\/www.leticia.sk\/index.php\/wp-json\/wp\/v2\/pages\/2\/revisions"}],"predecessor-version":[{"id":11,"href":"https:\/\/www.leticia.sk\/index.php\/wp-json\/wp\/v2\/pages\/2\/revisions\/11"}],"wp:featuredmedia":[{"embeddable":true,"href":"https:\/\/www.leticia.sk\/index.php\/wp-json\/wp\/v2\/media\/7"}],"wp:attachment":[{"href":"https:\/\/www.leticia.sk\/index.php\/wp-json\/wp\/v2\/media?parent=2"}],"curies":[{"name":"wp","href":"https:\/\/api.w.org\/{rel}","templated":true}]}}